{"id":576,"date":"2025-12-24T15:34:55","date_gmt":"2025-12-24T15:34:55","guid":{"rendered":"https:\/\/riviera-maya-concierge.com\/?page_id=576"},"modified":"2025-12-24T15:44:23","modified_gmt":"2025-12-24T15:44:23","slug":"aviso-legal","status":"publish","type":"page","link":"https:\/\/riviera-maya-concierge.com\/es\/aviso-legal\/","title":{"rendered":"Aviso legal"},"content":{"rendered":"<div data-elementor-type=\"wp-page\" data-elementor-id=\"576\" class=\"elementor elementor-576\" data-elementor-post-type=\"page\">\n\t\t\t\t<div class=\"elementor-element elementor-element-c972c51 e-flex e-con-boxed e-con e-parent\" data-id=\"c972c51\" data-element_type=\"container\" data-settings=\"{&quot;background_background&quot;:&quot;classic&quot;}\">\n\t\t\t\t\t<div class=\"e-con-inner\">\n\t\t\t\t<div class=\"elementor-element elementor-element-3d43bef elementor-widget elementor-widget-heading\" data-id=\"3d43bef\" data-element_type=\"widget\" data-widget_type=\"heading.default\">\n\t\t\t\t\t<h1 class=\"elementor-heading-title elementor-size-default\">AVISO LEGAL<\/h1>\t\t\t\t<\/div>\n\t\t\t\t\t<\/div>\n\t\t\t\t<\/div>\n\t\t<div class=\"elementor-element elementor-element-4394fc2 e-flex e-con-boxed e-con e-parent\" data-id=\"4394fc2\" data-element_type=\"container\" data-settings=\"{&quot;background_background&quot;:&quot;gradient&quot;}\">\n\t\t\t\t\t<div class=\"e-con-inner\">\n\t\t<div class=\"elementor-element elementor-element-d356e49 e-con-full e-flex e-con e-child\" data-id=\"d356e49\" data-element_type=\"container\">\n\t\t\t\t<div class=\"elementor-element elementor-element-d6aeec2 elementor-widget elementor-widget-text-editor\" data-id=\"d6aeec2\" data-element_type=\"widget\" data-widget_type=\"text-editor.default\">\n\t\t\t\t\t\t\t\t\t<p>Este sitio web es operado legal y fiscalmente por ORIUM CAPITAL LLC, una empresa registrada en Estados Unidos. RM Concierge es la marca comercial utilizada para coordinar e intermediar servicios privados de lujo en la Riviera Maya, M\u00e9xico. Este sitio no realiza contrataciones autom\u00e1ticas ni transacciones financieras directas. Todos los servicios descritos son proporcionados y facturados por proveedores externos, sujetos a sus propios t\u00e9rminos, disponibilidad y ejecuci\u00f3n.<\/p><p>Informaci\u00f3n del titular legal<\/p><p>ORIUM CAPITAL LLC<br \/>1209 Mountain Rd PL NE STE N<br \/>Albuquerque, NM 87110, Estados Unidos<br \/>Identificaci\u00f3n fiscal (EIN): 35-2902785<\/p><p>Canal oficial de contacto legal<\/p><p>Para cualquier consulta, solicitud o comunicaci\u00f3n legal relacionada con el uso de este sitio web, el \u00fanico canal de contacto oficial es:<br \/>contacto@riviera-maya-concierge.com<\/p><p>Condiciones de uso del sitio web<\/p><p>El acceso y la navegaci\u00f3n en este sitio web implican la plena aceptaci\u00f3n de los t\u00e9rminos aqu\u00ed descritos. Los usuarios se comprometen a utilizar el sitio de forma l\u00edcita y no deben intentar manipular sistemas, recopilar datos sin autorizaci\u00f3n ni realizar acciones que puedan perjudicar al titular legal o a terceros.<\/p><p>Exenci\u00f3n de responsabilidad por servicios coordinados<\/p><p>RM Concierge act\u00faa estrictamente como intermediario log\u00edstico y coordinador operativo. ORIUM CAPITAL LLC no se responsabiliza de:<br \/>cambios de precios, actualizaciones de disponibilidad o t\u00e9rminos modificados de proveedores externos;<br \/>calidad final del servicio, fallas en la ejecuci\u00f3n o incumplimientos contractuales entre proveedores y clientes finales;<br \/>decisiones tomadas \u00fanicamente por el usuario con base en la informaci\u00f3n publicada en este sitio web.<\/p><p>Propiedad intelectual<\/p><p>Todos los textos, dise\u00f1o, estructura, im\u00e1genes y elementos del sitio son propiedad de ORIUM CAPITAL LLC o de sus respectivos titulares de derechos. Queda prohibida su reproducci\u00f3n, total o parcial, sin autorizaci\u00f3n previa. Las im\u00e1genes mostradas son de car\u00e1cter editorial o ilustrativo y no implican propiedad, exclusividad ni derecho contractual sobre ubicaciones espec\u00edficas.<\/p><p>Enlaces externos<\/p><p>Este sitio puede contener enlaces a plataformas de terceros. ORIUM CAPITAL LLC no controla ni asume responsabilidad alguna por el contenido, las pol\u00edticas, los cambios ni las condiciones de ning\u00fan sitio web externo.<\/p><p>Actualizaciones y modificaciones<\/p><p>El titular legal se reserva el derecho de actualizar o modificar el presente Aviso Legal cuando sea necesario para mantener el cumplimiento normativo o la exactitud legal, sin obligaci\u00f3n de previo aviso.<\/p><p>Uso restringido<\/p><p>Est\u00e1 estrictamente prohibido utilizar este sitio web para:<br \/>actividades ilegales o fraudulentas, o intentos de suplantaci\u00f3n de identidad;<br \/>ataques, raspado automatizado de datos, ingenier\u00eda inversa o cualquier uso que comprometa la seguridad o el correcto funcionamiento del sitio;<br \/>acciones que pudieran causar da\u00f1o operativo, legal o reputacional al titular legal, colaboradores o terceros.<\/p>\t\t\t\t\t\t\t\t<\/div>\n\t\t\t\t<\/div>\n\t\t\t\t\t<\/div>\n\t\t\t\t<\/div>\n\t\t\t\t<\/div>","protected":false},"excerpt":{"rendered":"<p>LEGAL NOTICE This website is legally and fiscally operated by ORIUM CAPITAL LLC, a company registered in the United States. [&hellip;]<\/p>","protected":false},"author":1,"featured_media":0,"parent":0,"menu_order":0,"comment_status":"closed","ping_status":"closed","template":"","meta":{"site-sidebar-layout":"no-sidebar","site-content-layout":"","ast-site-content-layout":"full-width-container","site-content-style":"default","site-sidebar-style":"default","ast-global-header-display":"","ast-banner-title-visibility":"","ast-main-header-display":"","ast-hfb-above-header-display":"","ast-hfb-below-header-display":"","ast-hfb-mobile-header-display":"","site-post-title":"disabled","ast-breadcrumbs-content":"","ast-featured-img":"disabled","footer-sml-layout":"","ast-disable-related-posts":"","theme-transparent-header-meta":"","adv-header-id-meta":"","stick-header-meta":"","header-above-stick-meta":"","header-main-stick-meta":"","header-below-stick-meta":"","astra-migrate-meta-layouts":"default","ast-page-background-enabled":"default","ast-page-background-meta":{"desktop":{"background-color":"var(--ast-global-color-5)","background-image":"","background-repeat":"repeat","background-position":"center center","background-size":"auto","background-attachment":"scroll","background-type":"","background-media":"","overlay-type":"","overlay-color":"","overlay-opacity":"","overlay-gradient":""},"tablet":{"background-color":"","background-image":"","background-repeat":"repeat","background-position":"center center","background-size":"auto","background-attachment":"scroll","background-type":"","background-media":"","overlay-type":"","overlay-color":"","overlay-opacity":"","overlay-gradient":""},"mobile":{"background-color":"","background-image":"","background-repeat":"repeat","background-position":"center center","background-size":"auto","background-attachment":"scroll","background-type":"","background-media":"","overlay-type":"","overlay-color":"","overlay-opacity":"","overlay-gradient":""}},"ast-content-background-meta":{"desktop":{"background-color":"var(--ast-global-color-4)","background-image":"","background-repeat":"repeat","background-position":"center center","background-size":"auto","background-attachment":"scroll","background-type":"","background-media":"","overlay-type":"","overlay-color":"","overlay-opacity":"","overlay-gradient":""},"tablet":{"background-color":"var(--ast-global-color-4)","background-image":"","background-repeat":"repeat","background-position":"center center","background-size":"auto","background-attachment":"scroll","background-type":"","background-media":"","overlay-type":"","overlay-color":"","overlay-opacity":"","overlay-gradient":""},"mobile":{"background-color":"var(--ast-global-color-4)","background-image":"","background-repeat":"repeat","background-position":"center center","background-size":"auto","background-attachment":"scroll","background-type":"","background-media":"","overlay-type":"","overlay-color":"","overlay-opacity":"","overlay-gradient":""}},"footnotes":""},"class_list":["post-576","page","type-page","status-publish","hentry"],"_links":{"self":[{"href":"https:\/\/riviera-maya-concierge.com\/es\/wp-json\/wp\/v2\/pages\/576","targetHints":{"allow":["GET"]}}],"collection":[{"href":"https:\/\/riviera-maya-concierge.com\/es\/wp-json\/wp\/v2\/pages"}],"about":[{"href":"https:\/\/riviera-maya-concierge.com\/es\/wp-json\/wp\/v2\/types\/page"}],"author":[{"embeddable":true,"href":"https:\/\/riviera-maya-concierge.com\/es\/wp-json\/wp\/v2\/users\/1"}],"replies":[{"embeddable":true,"href":"https:\/\/riviera-maya-concierge.com\/es\/wp-json\/wp\/v2\/comments?post=576"}],"version-history":[{"count":14,"href":"https:\/\/riviera-maya-concierge.com\/es\/wp-json\/wp\/v2\/pages\/576\/revisions"}],"predecessor-version":[{"id":591,"href":"https:\/\/riviera-maya-concierge.com\/es\/wp-json\/wp\/v2\/pages\/576\/revisions\/591"}],"wp:attachment":[{"href":"https:\/\/riviera-maya-concierge.com\/es\/wp-json\/wp\/v2\/media?parent=576"}],"curies":[{"name":"wp","href":"https:\/\/api.w.org\/{rel}","templated":true}]}}