{"id":592,"date":"2025-12-24T15:45:44","date_gmt":"2025-12-24T15:45:44","guid":{"rendered":"https:\/\/riviera-maya-concierge.com\/?page_id=592"},"modified":"2025-12-24T15:50:12","modified_gmt":"2025-12-24T15:50:12","slug":"politica-de-privacidad","status":"publish","type":"page","link":"https:\/\/riviera-maya-concierge.com\/es\/politica-de-privacidad\/","title":{"rendered":"Pol\u00edtica de privacidad"},"content":{"rendered":"<div data-elementor-type=\"wp-page\" data-elementor-id=\"592\" class=\"elementor elementor-592\" data-elementor-post-type=\"page\">\n\t\t\t\t<div class=\"elementor-element elementor-element-c972c51 e-flex e-con-boxed e-con e-parent\" data-id=\"c972c51\" data-element_type=\"container\" data-settings=\"{&quot;background_background&quot;:&quot;classic&quot;}\">\n\t\t\t\t\t<div class=\"e-con-inner\">\n\t\t\t\t<div class=\"elementor-element elementor-element-3d43bef elementor-widget elementor-widget-heading\" data-id=\"3d43bef\" data-element_type=\"widget\" data-widget_type=\"heading.default\">\n\t\t\t\t\t<h1 class=\"elementor-heading-title elementor-size-default\">POL\u00cdTICA DE PRIVACIDAD\n<\/h1>\t\t\t\t<\/div>\n\t\t\t\t\t<\/div>\n\t\t\t\t<\/div>\n\t\t<div class=\"elementor-element elementor-element-4394fc2 e-flex e-con-boxed e-con e-parent\" data-id=\"4394fc2\" data-element_type=\"container\" data-settings=\"{&quot;background_background&quot;:&quot;gradient&quot;}\">\n\t\t\t\t\t<div class=\"e-con-inner\">\n\t\t<div class=\"elementor-element elementor-element-d356e49 e-con-full e-flex e-con e-child\" data-id=\"d356e49\" data-element_type=\"container\">\n\t\t\t\t<div class=\"elementor-element elementor-element-d6aeec2 elementor-widget elementor-widget-text-editor\" data-id=\"d6aeec2\" data-element_type=\"widget\" data-widget_type=\"text-editor.default\">\n\t\t\t\t\t\t\t\t\t<p>Este sitio web no recopila autom\u00e1ticamente datos personales de los usuarios.<br \/>RM Concierge s\u00f3lo recibe informaci\u00f3n personal cuando \u00e9sta es compartida voluntariamente por el usuario a trav\u00e9s de canales de contacto directo como el correo electr\u00f3nico o formularios privados no gestionados por este sitio web p\u00fablico.<\/p><p>Finalidad del uso de los datos<\/p><p>Cualquier dato personal compartido por el usuario (por ejemplo: fechas de viaje, preferencias, prioridades o solicitudes de servicios) ser\u00e1 utilizado exclusivamente para responder consultas o coordinar servicios a trav\u00e9s de proveedores externos de confianza que operan en Riviera Maya, M\u00e9xico.<br \/>No vendemos, distribuimos ni utilizamos datos personales con fines de marketing automatizado a menos que se otorgue el consentimiento expl\u00edcito a trav\u00e9s de una comunicaci\u00f3n directa.<\/p><p>Base legal para el tratamiento<\/p><p>La base legal para el tratamiento de los datos personales es el consentimiento del usuario al iniciar el contacto y compartir informaci\u00f3n de forma voluntaria.<\/p><p>Retenci\u00f3n de datos<\/p><p>Los datos personales se conservar\u00e1n \u00fanicamente durante el tiempo necesario para cumplir el prop\u00f3sito de la consulta o solicitud de coordinaci\u00f3n.<br \/>Ning\u00fan dato personal se conserva indefinidamente a menos que lo exija la ley o con la aprobaci\u00f3n expl\u00edcita del usuario.<\/p><p>Derechos de usuario<\/p><p>Los usuarios podr\u00e1n solicitar el acceso, rectificaci\u00f3n o eliminaci\u00f3n de sus datos personales enviando una solicitud directa a:<br \/>contacto@riviera-maya-concierge.com<\/p><p>Medidas de seguridad<\/p><p>RM Concierge aplica pr\u00e1cticas de seguridad razonables y comercialmente aceptables para salvaguardar los datos personales recibidos a trav\u00e9s de canales de contacto directo.<br \/>No somos responsables de los riesgos asociados a plataformas o canales de comunicaci\u00f3n de terceros utilizados independientemente por el usuario.<\/p><p>Participaci\u00f3n de terceros<\/p><p>Los servicios recomendados o coordinados por RM Concierge son proporcionados y facturados por proveedores externos.<br \/>RM Concierge no se responsabiliza del tratamiento de datos personales por parte de terceros una vez que el usuario interact\u00faa directamente con ellos. Cada tercero opera con sus propias pol\u00edticas de privacidad.<\/p><p>Actualizaciones de pol\u00edticas<\/p><p>El titular legal se reserva el derecho de actualizar esta Pol\u00edtica de Privacidad para mantener el cumplimiento normativo o mejorar la precisi\u00f3n legal, sin previo aviso, salvo que sea legalmente requerido.<\/p>\t\t\t\t\t\t\t\t<\/div>\n\t\t\t\t<\/div>\n\t\t\t\t\t<\/div>\n\t\t\t\t<\/div>\n\t\t\t\t<\/div>","protected":false},"excerpt":{"rendered":"<p>PRIVACY POLICY This website does not automatically collect personal data from users.RM Concierge only receives personal information when it is [&hellip;]<\/p>","protected":false},"author":1,"featured_media":0,"parent":0,"menu_order":0,"comment_status":"closed","ping_status":"closed","template":"","meta":{"site-sidebar-layout":"no-sidebar","site-content-layout":"","ast-site-content-layout":"full-width-container","site-content-style":"default","site-sidebar-style":"default","ast-global-header-display":"","ast-banner-title-visibility":"","ast-main-header-display":"","ast-hfb-above-header-display":"","ast-hfb-below-header-display":"","ast-hfb-mobile-header-display":"","site-post-title":"disabled","ast-breadcrumbs-content":"","ast-featured-img":"disabled","footer-sml-layout":"","ast-disable-related-posts":"","theme-transparent-header-meta":"","adv-header-id-meta":"","stick-header-meta":"","header-above-stick-meta":"","header-main-stick-meta":"","header-below-stick-meta":"","astra-migrate-meta-layouts":"default","ast-page-background-enabled":"default","ast-page-background-meta":{"desktop":{"background-color":"var(--ast-global-color-5)","background-image":"","background-repeat":"repeat","background-position":"center center","background-size":"auto","background-attachment":"scroll","background-type":"","background-media":"","overlay-type":"","overlay-color":"","overlay-opacity":"","overlay-gradient":""},"tablet":{"background-color":"","background-image":"","background-repeat":"repeat","background-position":"center center","background-size":"auto","background-attachment":"scroll","background-type":"","background-media":"","overlay-type":"","overlay-color":"","overlay-opacity":"","overlay-gradient":""},"mobile":{"background-color":"","background-image":"","background-repeat":"repeat","background-position":"center center","background-size":"auto","background-attachment":"scroll","background-type":"","background-media":"","overlay-type":"","overlay-color":"","overlay-opacity":"","overlay-gradient":""}},"ast-content-background-meta":{"desktop":{"background-color":"var(--ast-global-color-4)","background-image":"","background-repeat":"repeat","background-position":"center center","background-size":"auto","background-attachment":"scroll","background-type":"","background-media":"","overlay-type":"","overlay-color":"","overlay-opacity":"","overlay-gradient":""},"tablet":{"background-color":"var(--ast-global-color-4)","background-image":"","background-repeat":"repeat","background-position":"center center","background-size":"auto","background-attachment":"scroll","background-type":"","background-media":"","overlay-type":"","overlay-color":"","overlay-opacity":"","overlay-gradient":""},"mobile":{"background-color":"var(--ast-global-color-4)","background-image":"","background-repeat":"repeat","background-position":"center center","background-size":"auto","background-attachment":"scroll","background-type":"","background-media":"","overlay-type":"","overlay-color":"","overlay-opacity":"","overlay-gradient":""}},"footnotes":""},"class_list":["post-592","page","type-page","status-publish","hentry"],"_links":{"self":[{"href":"https:\/\/riviera-maya-concierge.com\/es\/wp-json\/wp\/v2\/pages\/592","targetHints":{"allow":["GET"]}}],"collection":[{"href":"https:\/\/riviera-maya-concierge.com\/es\/wp-json\/wp\/v2\/pages"}],"about":[{"href":"https:\/\/riviera-maya-concierge.com\/es\/wp-json\/wp\/v2\/types\/page"}],"author":[{"embeddable":true,"href":"https:\/\/riviera-maya-concierge.com\/es\/wp-json\/wp\/v2\/users\/1"}],"replies":[{"embeddable":true,"href":"https:\/\/riviera-maya-concierge.com\/es\/wp-json\/wp\/v2\/comments?post=592"}],"version-history":[{"count":4,"href":"https:\/\/riviera-maya-concierge.com\/es\/wp-json\/wp\/v2\/pages\/592\/revisions"}],"predecessor-version":[{"id":596,"href":"https:\/\/riviera-maya-concierge.com\/es\/wp-json\/wp\/v2\/pages\/592\/revisions\/596"}],"wp:attachment":[{"href":"https:\/\/riviera-maya-concierge.com\/es\/wp-json\/wp\/v2\/media?parent=592"}],"curies":[{"name":"wp","href":"https:\/\/api.w.org\/{rel}","templated":true}]}}