{"id":600,"date":"2025-12-24T15:50:08","date_gmt":"2025-12-24T15:50:08","guid":{"rendered":"https:\/\/riviera-maya-concierge.com\/?page_id=600"},"modified":"2025-12-24T15:52:34","modified_gmt":"2025-12-24T15:52:34","slug":"politica-de-cookies","status":"publish","type":"page","link":"https:\/\/riviera-maya-concierge.com\/es\/politica-de-cookies\/","title":{"rendered":"Pol\u00edtica de cookies"},"content":{"rendered":"<div data-elementor-type=\"wp-page\" data-elementor-id=\"600\" class=\"elementor elementor-600\" data-elementor-post-type=\"page\">\n\t\t\t\t<div class=\"elementor-element elementor-element-c972c51 e-flex e-con-boxed e-con e-parent\" data-id=\"c972c51\" data-element_type=\"container\" data-settings=\"{&quot;background_background&quot;:&quot;classic&quot;}\">\n\t\t\t\t\t<div class=\"e-con-inner\">\n\t\t\t\t<div class=\"elementor-element elementor-element-3d43bef elementor-widget elementor-widget-heading\" data-id=\"3d43bef\" data-element_type=\"widget\" data-widget_type=\"heading.default\">\n\t\t\t\t\t<h1 class=\"elementor-heading-title elementor-size-default\">POL\u00cdTICA DE COOKIES<\/h1>\t\t\t\t<\/div>\n\t\t\t\t\t<\/div>\n\t\t\t\t<\/div>\n\t\t<div class=\"elementor-element elementor-element-4394fc2 e-flex e-con-boxed e-con e-parent\" data-id=\"4394fc2\" data-element_type=\"container\" data-settings=\"{&quot;background_background&quot;:&quot;gradient&quot;}\">\n\t\t\t\t\t<div class=\"e-con-inner\">\n\t\t<div class=\"elementor-element elementor-element-d356e49 e-con-full e-flex e-con e-child\" data-id=\"d356e49\" data-element_type=\"container\">\n\t\t\t\t<div class=\"elementor-element elementor-element-d6aeec2 elementor-widget elementor-widget-text-editor\" data-id=\"d6aeec2\" data-element_type=\"widget\" data-widget_type=\"text-editor.default\">\n\t\t\t\t\t\t\t\t\t<p class=\"p1\">Este sitio web utiliza cookies t\u00e9cnicas y esenciales para garantizar una correcta visualizaci\u00f3n, navegaci\u00f3n y funcionalidad.<\/p><p class=\"p1\">RM Concierge no utiliza cookies ni rastreadores publicitarios para inflar los precios o personalizar ofertas en este sitio p\u00fablico.<\/p><p class=\"p1\">Uso de Google Analytics<\/p><p class=\"p1\">Este sitio web utiliza Google Analytics exclusivamente para medir las visitas, comprender patrones de uso agregados y analizar el comportamiento general de navegaci\u00f3n. Los datos recopilados son an\u00f3nimos, agrupados y no est\u00e1n vinculados a personas identificables por RM Concierge. Se utilizan exclusivamente para obtener informaci\u00f3n estad\u00edstica y evaluar el rendimiento del sitio web.<\/p><p class=\"p1\">Cookies de terceros<\/p><p class=\"p1\">Los usuarios podr\u00edan recibir cookies de terceros al visitar sitios web de proveedores externos enlazados o referenciados en este sitio. RM Concierge no gestiona, modifica ni controla dichas cookies.<\/p><p class=\"p1\">Consentir<\/p><p class=\"p1\">Al navegar por este sitio web, los usuarios aceptan el uso de cookies t\u00e9cnicas esenciales y el seguimiento an\u00f3nimo limitado descrito anteriormente.<\/p><p class=\"p1\">Los usuarios pueden administrar o deshabilitar las cookies directamente desde la configuraci\u00f3n de su navegador, aunque hacerlo podr\u00eda afectar la funcionalidad del sitio o la medici\u00f3n anal\u00edtica.<\/p><p class=\"p1\">Aclaraci\u00f3n del alcance de los datos<\/p><p class=\"p1\">Google Analytics est\u00e1 configurado exclusivamente para rastrear las visitas al sitio web y datos b\u00e1sicos de interacci\u00f3n, como p\u00e1ginas vistas, duraci\u00f3n de la sesi\u00f3n y tendencias geogr\u00e1ficas a nivel general. RM Concierge no lo utiliza para recopilar datos personales sensibles ni para crear perfiles de comportamiento.<\/p><p class=\"p1\">Actualizaciones de pol\u00edticas<\/p><p class=\"p1\">El titular legal se reserva el derecho de actualizar esta Pol\u00edtica de Cookies cuando sea necesario para mantener el cumplimiento o mejorar la precisi\u00f3n legal, sin previo aviso y a menos que la ley lo exija.<\/p>\t\t\t\t\t\t\t\t<\/div>\n\t\t\t\t<\/div>\n\t\t\t\t\t<\/div>\n\t\t\t\t<\/div>\n\t\t\t\t<\/div>","protected":false},"excerpt":{"rendered":"<p>COOKIE POLICY This website uses technical and essential cookies to ensure proper display, navigation, and functionality. RM Concierge does not [&hellip;]<\/p>","protected":false},"author":1,"featured_media":0,"parent":0,"menu_order":0,"comment_status":"closed","ping_status":"closed","template":"","meta":{"site-sidebar-layout":"no-sidebar","site-content-layout":"","ast-site-content-layout":"full-width-container","site-content-style":"default","site-sidebar-style":"default","ast-global-header-display":"","ast-banner-title-visibility":"","ast-main-header-display":"","ast-hfb-above-header-display":"","ast-hfb-below-header-display":"","ast-hfb-mobile-header-display":"","site-post-title":"disabled","ast-breadcrumbs-content":"","ast-featured-img":"disabled","footer-sml-layout":"","ast-disable-related-posts":"","theme-transparent-header-meta":"","adv-header-id-meta":"","stick-header-meta":"","header-above-stick-meta":"","header-main-stick-meta":"","header-below-stick-meta":"","astra-migrate-meta-layouts":"default","ast-page-background-enabled":"default","ast-page-background-meta":{"desktop":{"background-color":"var(--ast-global-color-5)","background-image":"","background-repeat":"repeat","background-position":"center center","background-size":"auto","background-attachment":"scroll","background-type":"","background-media":"","overlay-type":"","overlay-color":"","overlay-opacity":"","overlay-gradient":""},"tablet":{"background-color":"","background-image":"","background-repeat":"repeat","background-position":"center center","background-size":"auto","background-attachment":"scroll","background-type":"","background-media":"","overlay-type":"","overlay-color":"","overlay-opacity":"","overlay-gradient":""},"mobile":{"background-color":"","background-image":"","background-repeat":"repeat","background-position":"center center","background-size":"auto","background-attachment":"scroll","background-type":"","background-media":"","overlay-type":"","overlay-color":"","overlay-opacity":"","overlay-gradient":""}},"ast-content-background-meta":{"desktop":{"background-color":"var(--ast-global-color-4)","background-image":"","background-repeat":"repeat","background-position":"center center","background-size":"auto","background-attachment":"scroll","background-type":"","background-media":"","overlay-type":"","overlay-color":"","overlay-opacity":"","overlay-gradient":""},"tablet":{"background-color":"var(--ast-global-color-4)","background-image":"","background-repeat":"repeat","background-position":"center center","background-size":"auto","background-attachment":"scroll","background-type":"","background-media":"","overlay-type":"","overlay-color":"","overlay-opacity":"","overlay-gradient":""},"mobile":{"background-color":"var(--ast-global-color-4)","background-image":"","background-repeat":"repeat","background-position":"center center","background-size":"auto","background-attachment":"scroll","background-type":"","background-media":"","overlay-type":"","overlay-color":"","overlay-opacity":"","overlay-gradient":""}},"footnotes":""},"class_list":["post-600","page","type-page","status-publish","hentry"],"_links":{"self":[{"href":"https:\/\/riviera-maya-concierge.com\/es\/wp-json\/wp\/v2\/pages\/600","targetHints":{"allow":["GET"]}}],"collection":[{"href":"https:\/\/riviera-maya-concierge.com\/es\/wp-json\/wp\/v2\/pages"}],"about":[{"href":"https:\/\/riviera-maya-concierge.com\/es\/wp-json\/wp\/v2\/types\/page"}],"author":[{"embeddable":true,"href":"https:\/\/riviera-maya-concierge.com\/es\/wp-json\/wp\/v2\/users\/1"}],"replies":[{"embeddable":true,"href":"https:\/\/riviera-maya-concierge.com\/es\/wp-json\/wp\/v2\/comments?post=600"}],"version-history":[{"count":4,"href":"https:\/\/riviera-maya-concierge.com\/es\/wp-json\/wp\/v2\/pages\/600\/revisions"}],"predecessor-version":[{"id":604,"href":"https:\/\/riviera-maya-concierge.com\/es\/wp-json\/wp\/v2\/pages\/600\/revisions\/604"}],"wp:attachment":[{"href":"https:\/\/riviera-maya-concierge.com\/es\/wp-json\/wp\/v2\/media?parent=600"}],"curies":[{"name":"wp","href":"https:\/\/api.w.org\/{rel}","templated":true}]}}